{"id":726,"date":"2018-02-07T18:30:43","date_gmt":"2018-02-07T17:30:43","guid":{"rendered":"https:\/\/sebointeriorequipage.com\/zadelkamer_details\/"},"modified":"2020-01-31T14:49:56","modified_gmt":"2020-01-31T13:49:56","slug":"sattelkammer-einrichtung","status":"publish","type":"page","link":"https:\/\/sebointeriorequipage.com\/de\/sattelkammer-einrichtung\/","title":{"rendered":"Sattelkammer einrichtung"},"content":{"rendered":"<h2>Hochwertige Sattelkammerausstattung<\/h2>\n<p>Bei der <a href=\"https:\/\/sebointeriorequipage.com\/de\/#herrlich-wohnen\">Sattelkammerausstattung<\/a> muss man vieles ber\u00fccksichtigen. Denn Pferdegeschirr und Pflegeausr\u00fcstung gibt es in vielen Formen und Gr\u00f6\u00dfen. F\u00fcr uns gilt: Sie geben an, was Sie f\u00fcr die optimale Ausstattung Ihrer Sattelkammer ben\u00f6tigen, und wir \u00fcbersetzen dies in ein komplett ma\u00dfgeschneidertes Sattelkammer-Innenausstattungsdesign. Dazu geh\u00f6ren beispielsweise Helmhalter, Peitschenhalter, Deckenst\u00e4nder, Deckenb\u00fcgel und Trensenhalter. Die in Kooperation mit einem Sattelhersteller entwickelten Sattelst\u00fctzen sind ein wichtiger und unverzichtbarer Bestandteil einer hochwertigen Sattelkammerausstattung. Die Tr\u00e4ger bieten eine optimale Unterst\u00fctzung des Sattels, was Pr\u00e4zisionsarbeit erfordert. Auch bei der Sattelkammerausstattung nutzen wir die nat\u00fcrlichen Eigenschaften des Holzes, welches f\u00fcr die notwendige Feuchtigkeitsregulierung sorgt. Sie sehen, wir bei SeBo\u00ae  denken f\u00fcr unsere Kunden an jedes Detail, damit Sie eine perfekte Sattelkammerausstattung genie\u00dfen k\u00f6nnen!<\/p>\n","protected":false},"excerpt":{"rendered":"<p>Hochwertige Sattelkammerausstattung Bei der Sattelkammerausstattung muss man vieles ber\u00fccksichtigen. Denn Pferdegeschirr und Pflegeausr\u00fcstung gibt es in vielen Formen und Gr\u00f6\u00dfen. F\u00fcr uns gilt: Sie geben an, was Sie f\u00fcr die optimale Ausstattung Ihrer Sattelkammer ben\u00f6tigen, und wir \u00fcbersetzen dies in ein komplett ma\u00dfgeschneidertes Sattelkammer-Innenausstattungsdesign. Dazu geh\u00f6ren beispielsweise Helmhalter, Peitschenhalter, Deckenst\u00e4nder, Deckenb\u00fcgel und Trensenhalter. Die in [&hellip;]<\/p>\n","protected":false},"author":2,"featured_media":0,"parent":0,"menu_order":0,"comment_status":"closed","ping_status":"closed","template":"","meta":{"_acf_changed":false,"footnotes":""},"class_list":["post-726","page","type-page","status-publish","hentry"],"acf":[],"yoast_head":"<!-- This site is optimized with the Yoast SEO Premium plugin v21.6 (Yoast SEO v27.2) - https:\/\/yoast.com\/product\/yoast-seo-premium-wordpress\/ -->\n<title>Sattelkammer Einrichtung der besten Qualit\u00e4t - SeBo<\/title>\n<meta name=\"description\" content=\"Sattelkammer Einrichtung von SeBo. Denken Sie an Helmhalter, Peitschenhalter, Deckenst\u00e4nder, Deckenb\u00fcgel und Trensenhalter.\" \/>\n<meta name=\"robots\" content=\"index, follow, max-snippet:-1, max-image-preview:large, max-video-preview:-1\" \/>\n<link rel=\"canonical\" href=\"https:\/\/sebointeriorequipage.com\/de\/sattelkammer-einrichtung\/\" \/>\n<meta property=\"og:locale\" content=\"de_DE\" \/>\n<meta property=\"og:type\" content=\"article\" \/>\n<meta property=\"og:title\" content=\"Sattelkammer einrichtung\" \/>\n<meta property=\"og:description\" content=\"Sattelkammer Einrichtung von SeBo. Denken Sie an Helmhalter, Peitschenhalter, Deckenst\u00e4nder, Deckenb\u00fcgel und Trensenhalter.\" \/>\n<meta property=\"og:url\" content=\"https:\/\/sebointeriorequipage.com\/de\/sattelkammer-einrichtung\/\" \/>\n<meta property=\"og:site_name\" content=\"SeBo\" \/>\n<meta property=\"article:publisher\" content=\"https:\/\/www.facebook.com\/SeBoBV\/\" \/>\n<meta property=\"article:modified_time\" content=\"2020-01-31T13:49:56+00:00\" \/>\n<meta name=\"twitter:card\" content=\"summary_large_image\" \/>\n<meta name=\"twitter:label1\" content=\"Gesch\u00e4tzte Lesezeit\" \/>\n\t<meta name=\"twitter:data1\" content=\"1\u00a0Minute\" \/>\n<script type=\"application\/ld+json\" class=\"yoast-schema-graph\">{\"@context\":\"https:\/\/schema.org\",\"@graph\":[{\"@type\":\"WebPage\",\"@id\":\"https:\/\/sebointeriorequipage.com\/de\/sattelkammer-einrichtung\/\",\"url\":\"https:\/\/sebointeriorequipage.com\/de\/sattelkammer-einrichtung\/\",\"name\":\"Sattelkammer Einrichtung der besten Qualit\u00e4t - SeBo\",\"isPartOf\":{\"@id\":\"https:\/\/sebointeriorequipage.com\/#website\"},\"datePublished\":\"2018-02-07T17:30:43+00:00\",\"dateModified\":\"2020-01-31T13:49:56+00:00\",\"description\":\"Sattelkammer Einrichtung von SeBo. Denken Sie an Helmhalter, Peitschenhalter, Deckenst\u00e4nder, Deckenb\u00fcgel und Trensenhalter.\",\"breadcrumb\":{\"@id\":\"https:\/\/sebointeriorequipage.com\/de\/sattelkammer-einrichtung\/#breadcrumb\"},\"inLanguage\":\"de\",\"potentialAction\":[{\"@type\":\"ReadAction\",\"target\":[\"https:\/\/sebointeriorequipage.com\/de\/sattelkammer-einrichtung\/\"]}]},{\"@type\":\"BreadcrumbList\",\"@id\":\"https:\/\/sebointeriorequipage.com\/de\/sattelkammer-einrichtung\/#breadcrumb\",\"itemListElement\":[{\"@type\":\"ListItem\",\"position\":1,\"name\":\"Home\",\"item\":\"https:\/\/sebointeriorequipage.com\/de\/\"},{\"@type\":\"ListItem\",\"position\":2,\"name\":\"Sattelkammer einrichtung\"}]},{\"@type\":\"WebSite\",\"@id\":\"https:\/\/sebointeriorequipage.com\/#website\",\"url\":\"https:\/\/sebointeriorequipage.com\/\",\"name\":\"SeBo\",\"description\":\"Interior &amp; Equipage\",\"potentialAction\":[{\"@type\":\"SearchAction\",\"target\":{\"@type\":\"EntryPoint\",\"urlTemplate\":\"https:\/\/sebointeriorequipage.com\/?s={search_term_string}\"},\"query-input\":{\"@type\":\"PropertyValueSpecification\",\"valueRequired\":true,\"valueName\":\"search_term_string\"}}],\"inLanguage\":\"de\"}]}<\/script>\n<!-- \/ Yoast SEO Premium plugin. -->","yoast_head_json":{"title":"Sattelkammer Einrichtung der besten Qualit\u00e4t - SeBo","description":"Sattelkammer Einrichtung von SeBo. Denken Sie an Helmhalter, Peitschenhalter, Deckenst\u00e4nder, Deckenb\u00fcgel und Trensenhalter.","robots":{"index":"index","follow":"follow","max-snippet":"max-snippet:-1","max-image-preview":"max-image-preview:large","max-video-preview":"max-video-preview:-1"},"canonical":"https:\/\/sebointeriorequipage.com\/de\/sattelkammer-einrichtung\/","og_locale":"de_DE","og_type":"article","og_title":"Sattelkammer einrichtung","og_description":"Sattelkammer Einrichtung von SeBo. Denken Sie an Helmhalter, Peitschenhalter, Deckenst\u00e4nder, Deckenb\u00fcgel und Trensenhalter.","og_url":"https:\/\/sebointeriorequipage.com\/de\/sattelkammer-einrichtung\/","og_site_name":"SeBo","article_publisher":"https:\/\/www.facebook.com\/SeBoBV\/","article_modified_time":"2020-01-31T13:49:56+00:00","twitter_card":"summary_large_image","twitter_misc":{"Gesch\u00e4tzte Lesezeit":"1\u00a0Minute"},"schema":{"@context":"https:\/\/schema.org","@graph":[{"@type":"WebPage","@id":"https:\/\/sebointeriorequipage.com\/de\/sattelkammer-einrichtung\/","url":"https:\/\/sebointeriorequipage.com\/de\/sattelkammer-einrichtung\/","name":"Sattelkammer Einrichtung der besten Qualit\u00e4t - SeBo","isPartOf":{"@id":"https:\/\/sebointeriorequipage.com\/#website"},"datePublished":"2018-02-07T17:30:43+00:00","dateModified":"2020-01-31T13:49:56+00:00","description":"Sattelkammer Einrichtung von SeBo. Denken Sie an Helmhalter, Peitschenhalter, Deckenst\u00e4nder, Deckenb\u00fcgel und Trensenhalter.","breadcrumb":{"@id":"https:\/\/sebointeriorequipage.com\/de\/sattelkammer-einrichtung\/#breadcrumb"},"inLanguage":"de","potentialAction":[{"@type":"ReadAction","target":["https:\/\/sebointeriorequipage.com\/de\/sattelkammer-einrichtung\/"]}]},{"@type":"BreadcrumbList","@id":"https:\/\/sebointeriorequipage.com\/de\/sattelkammer-einrichtung\/#breadcrumb","itemListElement":[{"@type":"ListItem","position":1,"name":"Home","item":"https:\/\/sebointeriorequipage.com\/de\/"},{"@type":"ListItem","position":2,"name":"Sattelkammer einrichtung"}]},{"@type":"WebSite","@id":"https:\/\/sebointeriorequipage.com\/#website","url":"https:\/\/sebointeriorequipage.com\/","name":"SeBo","description":"Interior &amp; Equipage","potentialAction":[{"@type":"SearchAction","target":{"@type":"EntryPoint","urlTemplate":"https:\/\/sebointeriorequipage.com\/?s={search_term_string}"},"query-input":{"@type":"PropertyValueSpecification","valueRequired":true,"valueName":"search_term_string"}}],"inLanguage":"de"}]}},"_links":{"self":[{"href":"https:\/\/sebointeriorequipage.com\/de\/wp-json\/wp\/v2\/pages\/726","targetHints":{"allow":["GET"]}}],"collection":[{"href":"https:\/\/sebointeriorequipage.com\/de\/wp-json\/wp\/v2\/pages"}],"about":[{"href":"https:\/\/sebointeriorequipage.com\/de\/wp-json\/wp\/v2\/types\/page"}],"author":[{"embeddable":true,"href":"https:\/\/sebointeriorequipage.com\/de\/wp-json\/wp\/v2\/users\/2"}],"replies":[{"embeddable":true,"href":"https:\/\/sebointeriorequipage.com\/de\/wp-json\/wp\/v2\/comments?post=726"}],"version-history":[{"count":16,"href":"https:\/\/sebointeriorequipage.com\/de\/wp-json\/wp\/v2\/pages\/726\/revisions"}],"predecessor-version":[{"id":5590,"href":"https:\/\/sebointeriorequipage.com\/de\/wp-json\/wp\/v2\/pages\/726\/revisions\/5590"}],"wp:attachment":[{"href":"https:\/\/sebointeriorequipage.com\/de\/wp-json\/wp\/v2\/media?parent=726"}],"curies":[{"name":"wp","href":"https:\/\/api.w.org\/{rel}","templated":true}]}}