{"id":714,"date":"2018-01-20T17:02:06","date_gmt":"2018-01-20T16:02:06","guid":{"rendered":"https:\/\/sebointeriorequipage.com\/over-ons\/"},"modified":"2019-09-11T16:50:04","modified_gmt":"2019-09-11T14:50:04","slug":"uber-sebo","status":"publish","type":"page","link":"https:\/\/sebointeriorequipage.com\/de\/uber-sebo\/","title":{"rendered":"uber SeBo"},"content":{"rendered":"","protected":false},"excerpt":{"rendered":"","protected":false},"author":2,"featured_media":0,"parent":0,"menu_order":0,"comment_status":"closed","ping_status":"closed","template":"","meta":{"_acf_changed":false,"footnotes":""},"class_list":["post-714","page","type-page","status-publish","hentry"],"acf":[],"yoast_head":"<!-- This site is optimized with the Yoast SEO Premium plugin v21.6 (Yoast SEO v27.2) - https:\/\/yoast.com\/product\/yoast-seo-premium-wordpress\/ -->\n<title>uber SeBo &#8211; SeBo<\/title>\n<meta name=\"description\" content=\"Die zwei Spezialit\u00e4ten bei SeBo; Interior entwirft und produziert exklusive M\u00f6bel, w\u00e4hrend sich Equipage auf Reitsport-L\u00f6sungen spezialisiert hat.\" \/>\n<meta name=\"robots\" content=\"index, follow, max-snippet:-1, max-image-preview:large, max-video-preview:-1\" \/>\n<link rel=\"canonical\" href=\"https:\/\/sebointeriorequipage.com\/de\/uber-sebo\/\" \/>\n<meta property=\"og:locale\" content=\"de_DE\" \/>\n<meta property=\"og:type\" content=\"article\" \/>\n<meta property=\"og:title\" content=\"uber SeBo\" \/>\n<meta property=\"og:description\" content=\"Die zwei Spezialit\u00e4ten bei SeBo; Interior entwirft und produziert exklusive M\u00f6bel, w\u00e4hrend sich Equipage auf Reitsport-L\u00f6sungen spezialisiert hat.\" \/>\n<meta property=\"og:url\" content=\"https:\/\/sebointeriorequipage.com\/de\/uber-sebo\/\" \/>\n<meta property=\"og:site_name\" content=\"SeBo\" \/>\n<meta property=\"article:publisher\" content=\"https:\/\/www.facebook.com\/SeBoBV\/\" \/>\n<meta property=\"article:modified_time\" content=\"2019-09-11T14:50:04+00:00\" \/>\n<meta name=\"twitter:card\" content=\"summary_large_image\" \/>\n<script type=\"application\/ld+json\" class=\"yoast-schema-graph\">{\"@context\":\"https:\/\/schema.org\",\"@graph\":[{\"@type\":\"WebPage\",\"@id\":\"https:\/\/sebointeriorequipage.com\/de\/uber-sebo\/\",\"url\":\"https:\/\/sebointeriorequipage.com\/de\/uber-sebo\/\",\"name\":\"uber SeBo &#8211; SeBo\",\"isPartOf\":{\"@id\":\"https:\/\/sebointeriorequipage.com\/#website\"},\"datePublished\":\"2018-01-20T16:02:06+00:00\",\"dateModified\":\"2019-09-11T14:50:04+00:00\",\"description\":\"Die zwei Spezialit\u00e4ten bei SeBo; Interior entwirft und produziert exklusive M\u00f6bel, w\u00e4hrend sich Equipage auf Reitsport-L\u00f6sungen spezialisiert hat.\",\"breadcrumb\":{\"@id\":\"https:\/\/sebointeriorequipage.com\/de\/uber-sebo\/#breadcrumb\"},\"inLanguage\":\"de\",\"potentialAction\":[{\"@type\":\"ReadAction\",\"target\":[\"https:\/\/sebointeriorequipage.com\/de\/uber-sebo\/\"]}]},{\"@type\":\"BreadcrumbList\",\"@id\":\"https:\/\/sebointeriorequipage.com\/de\/uber-sebo\/#breadcrumb\",\"itemListElement\":[{\"@type\":\"ListItem\",\"position\":1,\"name\":\"Home\",\"item\":\"https:\/\/sebointeriorequipage.com\/de\/\"},{\"@type\":\"ListItem\",\"position\":2,\"name\":\"uber SeBo\"}]},{\"@type\":\"WebSite\",\"@id\":\"https:\/\/sebointeriorequipage.com\/#website\",\"url\":\"https:\/\/sebointeriorequipage.com\/\",\"name\":\"SeBo\",\"description\":\"Interior &amp; Equipage\",\"potentialAction\":[{\"@type\":\"SearchAction\",\"target\":{\"@type\":\"EntryPoint\",\"urlTemplate\":\"https:\/\/sebointeriorequipage.com\/?s={search_term_string}\"},\"query-input\":{\"@type\":\"PropertyValueSpecification\",\"valueRequired\":true,\"valueName\":\"search_term_string\"}}],\"inLanguage\":\"de\"}]}<\/script>\n<!-- \/ Yoast SEO Premium plugin. -->","yoast_head_json":{"title":"uber SeBo &#8211; SeBo","description":"Die zwei Spezialit\u00e4ten bei SeBo; Interior entwirft und produziert exklusive M\u00f6bel, w\u00e4hrend sich Equipage auf Reitsport-L\u00f6sungen spezialisiert hat.","robots":{"index":"index","follow":"follow","max-snippet":"max-snippet:-1","max-image-preview":"max-image-preview:large","max-video-preview":"max-video-preview:-1"},"canonical":"https:\/\/sebointeriorequipage.com\/de\/uber-sebo\/","og_locale":"de_DE","og_type":"article","og_title":"uber SeBo","og_description":"Die zwei Spezialit\u00e4ten bei SeBo; Interior entwirft und produziert exklusive M\u00f6bel, w\u00e4hrend sich Equipage auf Reitsport-L\u00f6sungen spezialisiert hat.","og_url":"https:\/\/sebointeriorequipage.com\/de\/uber-sebo\/","og_site_name":"SeBo","article_publisher":"https:\/\/www.facebook.com\/SeBoBV\/","article_modified_time":"2019-09-11T14:50:04+00:00","twitter_card":"summary_large_image","schema":{"@context":"https:\/\/schema.org","@graph":[{"@type":"WebPage","@id":"https:\/\/sebointeriorequipage.com\/de\/uber-sebo\/","url":"https:\/\/sebointeriorequipage.com\/de\/uber-sebo\/","name":"uber SeBo &#8211; SeBo","isPartOf":{"@id":"https:\/\/sebointeriorequipage.com\/#website"},"datePublished":"2018-01-20T16:02:06+00:00","dateModified":"2019-09-11T14:50:04+00:00","description":"Die zwei Spezialit\u00e4ten bei SeBo; Interior entwirft und produziert exklusive M\u00f6bel, w\u00e4hrend sich Equipage auf Reitsport-L\u00f6sungen spezialisiert hat.","breadcrumb":{"@id":"https:\/\/sebointeriorequipage.com\/de\/uber-sebo\/#breadcrumb"},"inLanguage":"de","potentialAction":[{"@type":"ReadAction","target":["https:\/\/sebointeriorequipage.com\/de\/uber-sebo\/"]}]},{"@type":"BreadcrumbList","@id":"https:\/\/sebointeriorequipage.com\/de\/uber-sebo\/#breadcrumb","itemListElement":[{"@type":"ListItem","position":1,"name":"Home","item":"https:\/\/sebointeriorequipage.com\/de\/"},{"@type":"ListItem","position":2,"name":"uber SeBo"}]},{"@type":"WebSite","@id":"https:\/\/sebointeriorequipage.com\/#website","url":"https:\/\/sebointeriorequipage.com\/","name":"SeBo","description":"Interior &amp; Equipage","potentialAction":[{"@type":"SearchAction","target":{"@type":"EntryPoint","urlTemplate":"https:\/\/sebointeriorequipage.com\/?s={search_term_string}"},"query-input":{"@type":"PropertyValueSpecification","valueRequired":true,"valueName":"search_term_string"}}],"inLanguage":"de"}]}},"_links":{"self":[{"href":"https:\/\/sebointeriorequipage.com\/de\/wp-json\/wp\/v2\/pages\/714","targetHints":{"allow":["GET"]}}],"collection":[{"href":"https:\/\/sebointeriorequipage.com\/de\/wp-json\/wp\/v2\/pages"}],"about":[{"href":"https:\/\/sebointeriorequipage.com\/de\/wp-json\/wp\/v2\/types\/page"}],"author":[{"embeddable":true,"href":"https:\/\/sebointeriorequipage.com\/de\/wp-json\/wp\/v2\/users\/2"}],"replies":[{"embeddable":true,"href":"https:\/\/sebointeriorequipage.com\/de\/wp-json\/wp\/v2\/comments?post=714"}],"version-history":[{"count":5,"href":"https:\/\/sebointeriorequipage.com\/de\/wp-json\/wp\/v2\/pages\/714\/revisions"}],"predecessor-version":[{"id":4592,"href":"https:\/\/sebointeriorequipage.com\/de\/wp-json\/wp\/v2\/pages\/714\/revisions\/4592"}],"wp:attachment":[{"href":"https:\/\/sebointeriorequipage.com\/de\/wp-json\/wp\/v2\/media?parent=714"}],"curies":[{"name":"wp","href":"https:\/\/api.w.org\/{rel}","templated":true}]}}